{"id":3322,"date":"2017-05-12T10:26:29","date_gmt":"2017-05-12T09:26:29","guid":{"rendered":"http:\/\/bicimarket.com\/blog\/?page_id=3322"},"modified":"2018-10-26T08:06:10","modified_gmt":"2018-10-26T07:06:10","slug":"consigue-un-10-de-descuento-en-bicimarket-tw","status":"publish","type":"page","link":"https:\/\/www.bicimarket.com\/blog\/consigue-un-10-de-descuento-en-bicimarket-tw\/","title":{"rendered":"Consigue un 10% de descuento en Bicimarket"},"content":{"rendered":"<div class=\"wpb-content-wrapper\"><div id=\"tdi_1\" class=\"tdc-row\"><div class=\"vc_row tdi_2  wpb_row td-pb-row\" >\n<style scoped>\n\/* custom css - generated by TagDiv Composer *\/\n\n\/* custom css - generated by TagDiv Composer *\/\n.tdi_2,\r\n                .tdi_2 .tdc-columns{\r\n                    min-height: 0;\r\n                }\n<\/style><div class=\"vc_column tdi_4  wpb_column vc_column_container tdc-column td-pb-span8\">\n<style scoped>\n\/* custom css - generated by TagDiv Composer *\/\n\n\/* custom css - generated by TagDiv Composer *\/\n.tdi_4{\r\n                    vertical-align: baseline;\r\n                }\n<\/style><div class=\"wpb_wrapper\" ><div class=\"vc_row_inner tdi_6  vc_row vc_inner wpb_row td-pb-row\" >\n<style scoped>\n\/* custom css - generated by TagDiv Composer *\/\n\n\/* custom css - generated by TagDiv Composer *\/\n.tdi_6{\r\n                    position: relative !important;\r\n                    top: 0;\r\n                    transform: none;\r\n                    -webkit-transform: none;\r\n                }\n<\/style><div class=\"vc_column_inner tdi_8  wpb_column vc_column_container tdc-inner-column td-pb-span12\">\n<style scoped>\n\/* custom css - generated by TagDiv Composer *\/\n\n\/* custom css - generated by TagDiv Composer *\/\n.tdi_8{\r\n                    vertical-align: baseline;\r\n                }\n<\/style><div class=\"vc_column-inner\"><div class=\"wpb_wrapper\" ><div class=\"wpb_wrapper td_block_separator td_block_wrap vc_separator tdi_10  td_separator_solid td_separator_align_center\"><span style=\"border-color:custom;border-width:5px;width:100%;\"><\/span>\n<style scoped>\n\/* custom css - generated by TagDiv Composer *\/\n\n\/* custom css - generated by TagDiv Composer *\/\n.td_block_separator{\r\n                  width: 100%;\r\n                  align-items: center;\r\n                  margin-bottom: 38px;\r\n                  padding-bottom: 10px;\r\n                }.td_block_separator span{\r\n                  position: relative;\r\n                  display: block;\r\n                  margin: 0 auto;\r\n                  width: 100%;\r\n                  height: 1px;\r\n                  border-top: 1px solid #EBEBEB;\r\n                }.td_separator_align_left span{\r\n                  margin-left: 0;\r\n                }.td_separator_align_right span{\r\n                  margin-right: 0;\r\n                }.td_separator_dashed span{\r\n                  border-top-style: dashed;\r\n                }.td_separator_dotted span{\r\n                  border-top-style: dotted;\r\n                }.td_separator_double span{\r\n                  height: 3px;\r\n                  border-bottom: 1px solid #EBEBEB;\r\n                }.td_separator_shadow > span{\r\n                  position: relative;\r\n                  height: 20px;\r\n                  overflow: hidden;\r\n                  border: 0;\r\n                  color: #EBEBEB;\r\n                }.td_separator_shadow > span > span{\r\n                  position: absolute;\r\n                  top: -30px;\r\n                  left: 0;\r\n                  right: 0;\r\n                  margin: 0 auto;\r\n                  height: 13px;\r\n                  width: 98%;\r\n                  border-radius: 100%;\r\n                }html :where([style*='border-width']){\r\n                    border-style: none;\r\n                }\n<\/style><\/div>[vc_column_text]\r\n<h2 class=\"p1\" style=\"text-align: center;\"><span class=\"s1\">Recibe al instante un c\u00f3digo de descuento del 10%\u00a0en Bicimarket.<\/span><\/h2>\r\n[\/vc_column_text]<\/div><\/div><\/div><\/div><div class=\"vc_row_inner tdi_12  vc_row vc_inner wpb_row td-pb-row\" >\n<style scoped>\n\/* custom css - generated by TagDiv Composer *\/\n\n\/* custom css - generated by TagDiv Composer *\/\n.tdi_12{\r\n                    position: relative !important;\r\n                    top: 0;\r\n                    transform: none;\r\n                    -webkit-transform: none;\r\n                }\n<\/style><div class=\"vc_column_inner tdi_14  wpb_column vc_column_container tdc-inner-column td-pb-span12\">\n<style scoped>\n\/* custom css - generated by TagDiv Composer *\/\n\n\/* custom css - generated by TagDiv Composer *\/\n.tdi_14{\r\n                    vertical-align: baseline;\r\n                }\n<\/style><div class=\"vc_column-inner\"><div class=\"wpb_wrapper\" >[vc_column_text]<img loading=\"lazy\" decoding=\"async\" class=\"aligncenter wp-image-3254\" src=\"http:\/\/bicimarket.com\/blog\/wp-content\/uploads\/2016\/09\/home_mtb.jpg\" alt=\"bicicleta a punto para ruta\" width=\"650\" height=\"236\" srcset=\"https:\/\/www.bicimarket.com\/blog\/wp-content\/uploads\/2016\/09\/home_mtb.jpg 1920w, https:\/\/www.bicimarket.com\/blog\/wp-content\/uploads\/2016\/09\/home_mtb-300x109.jpg 300w, https:\/\/www.bicimarket.com\/blog\/wp-content\/uploads\/2016\/09\/home_mtb-1024x372.jpg 1024w, https:\/\/www.bicimarket.com\/blog\/wp-content\/uploads\/2016\/09\/home_mtb-1157x420.jpg 1157w, https:\/\/www.bicimarket.com\/blog\/wp-content\/uploads\/2016\/09\/home_mtb-640x232.jpg 640w, https:\/\/www.bicimarket.com\/blog\/wp-content\/uploads\/2016\/09\/home_mtb-681x247.jpg 681w\" sizes=\"auto, (max-width: 650px) 100vw, 650px\" \/>[\/vc_column_text]<\/div><\/div><\/div><\/div><div class=\"vc_row_inner tdi_16  vc_row vc_inner wpb_row td-pb-row\" >\n<style scoped>\n\/* custom css - generated by TagDiv Composer *\/\n\n\/* custom css - generated by TagDiv Composer *\/\n.tdi_16{\r\n                    position: relative !important;\r\n                    top: 0;\r\n                    transform: none;\r\n                    -webkit-transform: none;\r\n                }\n<\/style><div class=\"vc_column_inner tdi_18  wpb_column vc_column_container tdc-inner-column td-pb-span6\">\n<style scoped>\n\/* custom css - generated by TagDiv Composer *\/\n\n\/* custom css - generated by TagDiv Composer *\/\n.tdi_18{\r\n                    vertical-align: baseline;\r\n                }\n<\/style><div class=\"vc_column-inner\"><div class=\"wpb_wrapper\" ><div class=\"td_block_wrap td_block_text_with_title tdi_19 td-pb-border-top td_block_template_1\"  data-td-block-uid=\"tdi_19\" ><div class=\"td_mod_wrap td-pb-padding-side td-fix-index\"><h4 style=\"text-align: center;\">Rellena el formulario y el c\u00f3digo aparecer\u00e1 enseguida<\/h4>\n<\/div><\/div><\/div><\/div><\/div><div class=\"vc_column_inner tdi_21  wpb_column vc_column_container tdc-inner-column td-pb-span6\">\n<style scoped>\n\/* custom css - generated by TagDiv Composer *\/\n\n\/* custom css - generated by TagDiv Composer *\/\n.tdi_21{\r\n                    vertical-align: baseline;\r\n                }\n<\/style><div class=\"vc_column-inner\"><div class=\"wpb_wrapper\" >[vc_column_text]\n\t<section id=\"yikes-mailchimp-container-1\" class=\"yikes-mailchimp-container yikes-mailchimp-container-1 \">\n\t\t\t\t<form id=\"twitter-1\" class=\"yikes-easy-mc-form yikes-easy-mc-form-1  \" method=\"POST\" data-attr-form-id=\"1\">\n\n\t\t\t\t\t\t\t\t\t\t\t\t\t<label for=\"yikes-easy-mc-form-1-EMAIL\"  class=\"EMAIL-label yikes-mailchimp-field-required \">\n\n\t\t\t\t\t\t\t\t\t\t<!-- dictate label visibility -->\n\t\t\t\t\t\t\t\t\t\t\t\t\t\t\t\t\t\t\t\t\t<span class=\"EMAIL-label\">\n\t\t\t\t\t\t\t\t\t\t\t\tTu email\t\t\t\t\t\t\t\t\t\t\t<\/span>\n\t\t\t\t\t\t\t\t\t\t\n\t\t\t\t\t\t\t\t\t\t<!-- Description Above -->\n\t\t\t\t\t\t\t\t\t\t\n\t\t\t\t\t\t\t\t\t\t<input id=\"yikes-easy-mc-form-1-EMAIL\"  name=\"EMAIL\"  placeholder=\"\"  class=\"yikes-easy-mc-email \"  required=\"required\" type=\"email\"  value=\"\">\n\n\t\t\t\t\t\t\t\t\t\t<!-- Description Below -->\n\t\t\t\t\t\t\t\t\t\t\n\t\t\t\t\t\t\t\t\t<\/label>\n\t\t\t\t\t\t\t\t\t\t\t\t\t\t\t\t\t\t<label for=\"yikes-easy-mc-form-1-FNAME\"  class=\"FNAME-label \">\n\n\t\t\t\t\t\t\t\t\t\t<!-- dictate label visibility -->\n\t\t\t\t\t\t\t\t\t\t\t\t\t\t\t\t\t\t\t\t\t<span class=\"FNAME-label\">\n\t\t\t\t\t\t\t\t\t\t\t\tTu nombre\t\t\t\t\t\t\t\t\t\t\t<\/span>\n\t\t\t\t\t\t\t\t\t\t\n\t\t\t\t\t\t\t\t\t\t<!-- Description Above -->\n\t\t\t\t\t\t\t\t\t\t\n\t\t\t\t\t\t\t\t\t\t<input id=\"yikes-easy-mc-form-1-FNAME\"  name=\"FNAME\"  placeholder=\"\"  class=\"yikes-easy-mc-text \"   type=\"text\"  value=\"\">\n\n\t\t\t\t\t\t\t\t\t\t<!-- Description Below -->\n\t\t\t\t\t\t\t\t\t\t\n\t\t\t\t\t\t\t\t\t<\/label>\n\t\t\t\t\t\t\t\t\t\t\t\t\t\t\t\t\t\t<label for=\"yikes-easy-mc-form-1-LNAME\"  class=\"LNAME-label \">\n\n\t\t\t\t\t\t\t\t\t\t<!-- dictate label visibility -->\n\t\t\t\t\t\t\t\t\t\t\t\t\t\t\t\t\t\t\t\t\t<span class=\"LNAME-label\">\n\t\t\t\t\t\t\t\t\t\t\t\tTu c\u00f3digo postal\t\t\t\t\t\t\t\t\t\t\t<\/span>\n\t\t\t\t\t\t\t\t\t\t\n\t\t\t\t\t\t\t\t\t\t<!-- Description Above -->\n\t\t\t\t\t\t\t\t\t\t\n\t\t\t\t\t\t\t\t\t\t<input id=\"yikes-easy-mc-form-1-LNAME\"  name=\"LNAME\"  placeholder=\"\"  class=\"yikes-easy-mc-text \"   type=\"text\"  value=\"\">\n\n\t\t\t\t\t\t\t\t\t\t<!-- Description Below -->\n\t\t\t\t\t\t\t\t\t\t\n\t\t\t\t\t\t\t\t\t<\/label>\n\t\t\t\t\t\t\t\t\t<label class=\"yikes-mailchimp-eu-compliance-label\"><input type=\"checkbox\" required=\"required\" name=\"eu-laws\" value=\"1\" checked=\"checked\"> <div class=\"yikes-mailchimp-eu-compliance-text\"><p>Acepto la <a href=\"http:\/\/www.bicimarket.com\/pagina-politica-privacidad.html\" target=\"_blank\" rel=\"noopener\">pol\u00edtica de privacidad<\/a><\/p>\n<\/div><\/label>\n\t\t\t\t<!-- Honeypot Trap -->\n\t\t\t\t<input type=\"hidden\" name=\"yikes-mailchimp-honeypot\" id=\"yikes-mailchimp-honeypot-1\" value=\"\">\n\n\t\t\t\t<!-- List ID -->\n\t\t\t\t<input type=\"hidden\" name=\"yikes-mailchimp-associated-list-id\" id=\"yikes-mailchimp-associated-list-id-1\" value=\"9ecac36fb0\">\n\n\t\t\t\t<!-- The form that is being submitted! Used to display error\/success messages above the correct form -->\n\t\t\t\t<input type=\"hidden\" name=\"yikes-mailchimp-submitted-form\" id=\"yikes-mailchimp-submitted-form-1\" value=\"1\">\n\n\t\t\t\t<!-- Submit Button -->\n\t\t\t\t<button type=\"submit\" class=\"yikes-easy-mc-submit-button yikes-easy-mc-submit-button-1 btn btn-primary \"> <span class=\"yikes-mailchimp-submit-button-span-text\">\u00a1Dame mi c\u00f3digo!<\/span><\/button>\t\t\t\t<!-- Nonce Security Check -->\n\t\t\t\t<input type=\"hidden\" id=\"yikes_easy_mc_new_subscriber_1\" name=\"yikes_easy_mc_new_subscriber\" value=\"b826865977\">\n\t\t\t\t<input type=\"hidden\" name=\"_wp_http_referer\" value=\"\/blog\/wp-json\/wp\/v2\/pages\/3322\" \/>\n\t\t\t<\/form>\n\t\t\t<!-- Mailchimp Form generated by Easy Forms for Mailchimp v6.8.9 (https:\/\/wordpress.org\/plugins\/yikes-inc-easy-mailchimp-extender\/) -->\n\n\t\t\t<\/section>\n\t[\/vc_column_text]<\/div><\/div><\/div><\/div><div class=\"wpb_wrapper td_block_separator td_block_wrap vc_separator tdi_23  td_separator_solid td_separator_align_center\"><span style=\"border-color:custom;border-width:5px;width:100%;\"><\/span><\/div>[vc_column_text]\r\n<p style=\"text-align: center;\"><span style=\"color: #999999;\">*10% de descuento en compras superiores a 90 euros. No acumulable a otros descuentos ni promociones, ni a productos en Liquidaci\u00f3n o Promoci\u00f3n.<\/span><\/p>\r\n[\/vc_column_text]<\/div><\/div><div class=\"vc_column tdi_25  wpb_column vc_column_container tdc-column td-pb-span4\">\n<style scoped>\n\/* custom css - generated by TagDiv Composer *\/\n\n\/* custom css - generated by TagDiv Composer *\/\n.tdi_25{\r\n                    vertical-align: baseline;\r\n                }\n<\/style><div class=\"wpb_wrapper\" ><div class=\"wpb_wrapper td_block_wrap vc_widget_sidebar tdi_27 \" ><\/div><\/div><\/div><\/div><\/div><div id=\"tdi_28\" class=\"tdc-row\"><div class=\"vc_row tdi_29  wpb_row td-pb-row\" >\n<style scoped>\n\/* custom css - generated by TagDiv Composer *\/\n\n\/* custom css - generated by TagDiv Composer *\/\n.tdi_29,\r\n                .tdi_29 .tdc-columns{\r\n                    min-height: 0;\r\n                }\n<\/style><div class=\"vc_column tdi_31  wpb_column vc_column_container tdc-column td-pb-span4\">\n<style scoped>\n\/* custom css - generated by TagDiv Composer *\/\n\n\/* custom css - generated by TagDiv Composer *\/\n.tdi_31{\r\n                    vertical-align: baseline;\r\n                }\n<\/style><div class=\"wpb_wrapper\" ><div class=\"wpb_wrapper td_block_wrap vc_widget_sidebar tdi_33 \" ><\/div><\/div><\/div><\/div><\/div><\/div>","protected":false},"excerpt":{"rendered":"[vc_column_text] Recibe al instante un c\u00f3digo de descuento del 10%\u00a0en Bicimarket. [\/vc_column_text] [vc_column_text][\/vc_column_text] Rellena el formulario y el c\u00f3digo aparecer\u00e1 enseguida [vc_column_text] Tu email Tu nombre Tu c\u00f3digo postal Acepto la pol\u00edtica de privacidad \u00a1Dame mi c\u00f3digo! [\/vc_column_text][vc_column_text] *10% de descuento en compras superiores a 90 euros. No acumulable a otros descuentos ni promociones, ni [...]","protected":false},"author":1,"featured_media":0,"parent":0,"menu_order":0,"comment_status":"closed","ping_status":"open","template":"","meta":{"_lmt_disableupdate":"","_lmt_disable":"","footnotes":""},"class_list":["post-3322","page","type-page","status-publish","hentry"],"yoast_head":"<!-- This site is optimized with the Yoast SEO plugin v27.6 - https:\/\/yoast.com\/product\/yoast-seo-wordpress\/ -->\n<title>Consigue un 10% de descuento en Bicimarket - El Blog de Bicimarket<\/title>\n<meta name=\"robots\" content=\"index, follow, max-snippet:-1, max-image-preview:large, max-video-preview:-1\" \/>\n<link rel=\"canonical\" href=\"https:\/\/www.bicimarket.com\/blog\/consigue-un-10-de-descuento-en-bicimarket-tw\/\" \/>\n<meta property=\"og:locale\" content=\"es_ES\" \/>\n<meta property=\"og:type\" content=\"article\" \/>\n<meta property=\"og:title\" content=\"Consigue un 10% de descuento en Bicimarket - El Blog de Bicimarket\" \/>\n<meta property=\"og:url\" content=\"https:\/\/www.bicimarket.com\/blog\/consigue-un-10-de-descuento-en-bicimarket-tw\/\" \/>\n<meta property=\"og:site_name\" content=\"El Blog de Bicimarket\" \/>\n<meta property=\"article:publisher\" content=\"https:\/\/www.facebook.com\/Bicimarketcom\/\" \/>\n<meta property=\"article:modified_time\" content=\"2018-10-26T07:06:10+00:00\" \/>\n<meta property=\"og:image\" content=\"http:\/\/bicimarket.com\/blog\/wp-content\/uploads\/2016\/09\/home_mtb.jpg\" \/>\n<meta name=\"twitter:label1\" content=\"Tiempo de lectura\" \/>\n\t<meta name=\"twitter:data1\" content=\"1 minuto\" \/>\n<script type=\"application\/ld+json\" class=\"yoast-schema-graph\">{\"@context\":\"https:\\\/\\\/schema.org\",\"@graph\":[{\"@type\":\"WebPage\",\"@id\":\"https:\\\/\\\/www.bicimarket.com\\\/blog\\\/consigue-un-10-de-descuento-en-bicimarket-tw\\\/\",\"url\":\"https:\\\/\\\/www.bicimarket.com\\\/blog\\\/consigue-un-10-de-descuento-en-bicimarket-tw\\\/\",\"name\":\"Consigue un 10% de descuento en Bicimarket - El Blog de Bicimarket\",\"isPartOf\":{\"@id\":\"https:\\\/\\\/www.bicimarket.com\\\/blog\\\/#website\"},\"primaryImageOfPage\":{\"@id\":\"https:\\\/\\\/www.bicimarket.com\\\/blog\\\/consigue-un-10-de-descuento-en-bicimarket-tw\\\/#primaryimage\"},\"image\":{\"@id\":\"https:\\\/\\\/www.bicimarket.com\\\/blog\\\/consigue-un-10-de-descuento-en-bicimarket-tw\\\/#primaryimage\"},\"thumbnailUrl\":\"http:\\\/\\\/bicimarket.com\\\/blog\\\/wp-content\\\/uploads\\\/2016\\\/09\\\/home_mtb.jpg\",\"datePublished\":\"2017-05-12T09:26:29+00:00\",\"dateModified\":\"2018-10-26T07:06:10+00:00\",\"breadcrumb\":{\"@id\":\"https:\\\/\\\/www.bicimarket.com\\\/blog\\\/consigue-un-10-de-descuento-en-bicimarket-tw\\\/#breadcrumb\"},\"inLanguage\":\"es\",\"potentialAction\":[{\"@type\":\"ReadAction\",\"target\":[\"https:\\\/\\\/www.bicimarket.com\\\/blog\\\/consigue-un-10-de-descuento-en-bicimarket-tw\\\/\"]}]},{\"@type\":\"ImageObject\",\"inLanguage\":\"es\",\"@id\":\"https:\\\/\\\/www.bicimarket.com\\\/blog\\\/consigue-un-10-de-descuento-en-bicimarket-tw\\\/#primaryimage\",\"url\":\"http:\\\/\\\/bicimarket.com\\\/blog\\\/wp-content\\\/uploads\\\/2016\\\/09\\\/home_mtb.jpg\",\"contentUrl\":\"http:\\\/\\\/bicimarket.com\\\/blog\\\/wp-content\\\/uploads\\\/2016\\\/09\\\/home_mtb.jpg\"},{\"@type\":\"BreadcrumbList\",\"@id\":\"https:\\\/\\\/www.bicimarket.com\\\/blog\\\/consigue-un-10-de-descuento-en-bicimarket-tw\\\/#breadcrumb\",\"itemListElement\":[{\"@type\":\"ListItem\",\"position\":1,\"name\":\"Portada\",\"item\":\"https:\\\/\\\/www.bicimarket.com\\\/blog\\\/\"},{\"@type\":\"ListItem\",\"position\":2,\"name\":\"Consigue un 10% de descuento en Bicimarket\"}]},{\"@type\":\"WebSite\",\"@id\":\"https:\\\/\\\/www.bicimarket.com\\\/blog\\\/#website\",\"url\":\"https:\\\/\\\/www.bicimarket.com\\\/blog\\\/\",\"name\":\"El Blog de Bicimarket\",\"description\":\"Nos apasiona el ciclismo \u00bfTe apuntas con nosotros?\",\"potentialAction\":[{\"@type\":\"SearchAction\",\"target\":{\"@type\":\"EntryPoint\",\"urlTemplate\":\"https:\\\/\\\/www.bicimarket.com\\\/blog\\\/?s={search_term_string}\"},\"query-input\":{\"@type\":\"PropertyValueSpecification\",\"valueRequired\":true,\"valueName\":\"search_term_string\"}}],\"inLanguage\":\"es\"}]}<\/script>\n<!-- \/ Yoast SEO plugin. -->","yoast_head_json":{"title":"Consigue un 10% de descuento en Bicimarket - El Blog de Bicimarket","robots":{"index":"index","follow":"follow","max-snippet":"max-snippet:-1","max-image-preview":"max-image-preview:large","max-video-preview":"max-video-preview:-1"},"canonical":"https:\/\/www.bicimarket.com\/blog\/consigue-un-10-de-descuento-en-bicimarket-tw\/","og_locale":"es_ES","og_type":"article","og_title":"Consigue un 10% de descuento en Bicimarket - El Blog de Bicimarket","og_url":"https:\/\/www.bicimarket.com\/blog\/consigue-un-10-de-descuento-en-bicimarket-tw\/","og_site_name":"El Blog de Bicimarket","article_publisher":"https:\/\/www.facebook.com\/Bicimarketcom\/","article_modified_time":"2018-10-26T07:06:10+00:00","og_image":[{"url":"http:\/\/bicimarket.com\/blog\/wp-content\/uploads\/2016\/09\/home_mtb.jpg","type":"","width":"","height":""}],"twitter_misc":{"Tiempo de lectura":"1 minuto"},"schema":{"@context":"https:\/\/schema.org","@graph":[{"@type":"WebPage","@id":"https:\/\/www.bicimarket.com\/blog\/consigue-un-10-de-descuento-en-bicimarket-tw\/","url":"https:\/\/www.bicimarket.com\/blog\/consigue-un-10-de-descuento-en-bicimarket-tw\/","name":"Consigue un 10% de descuento en Bicimarket - El Blog de Bicimarket","isPartOf":{"@id":"https:\/\/www.bicimarket.com\/blog\/#website"},"primaryImageOfPage":{"@id":"https:\/\/www.bicimarket.com\/blog\/consigue-un-10-de-descuento-en-bicimarket-tw\/#primaryimage"},"image":{"@id":"https:\/\/www.bicimarket.com\/blog\/consigue-un-10-de-descuento-en-bicimarket-tw\/#primaryimage"},"thumbnailUrl":"http:\/\/bicimarket.com\/blog\/wp-content\/uploads\/2016\/09\/home_mtb.jpg","datePublished":"2017-05-12T09:26:29+00:00","dateModified":"2018-10-26T07:06:10+00:00","breadcrumb":{"@id":"https:\/\/www.bicimarket.com\/blog\/consigue-un-10-de-descuento-en-bicimarket-tw\/#breadcrumb"},"inLanguage":"es","potentialAction":[{"@type":"ReadAction","target":["https:\/\/www.bicimarket.com\/blog\/consigue-un-10-de-descuento-en-bicimarket-tw\/"]}]},{"@type":"ImageObject","inLanguage":"es","@id":"https:\/\/www.bicimarket.com\/blog\/consigue-un-10-de-descuento-en-bicimarket-tw\/#primaryimage","url":"http:\/\/bicimarket.com\/blog\/wp-content\/uploads\/2016\/09\/home_mtb.jpg","contentUrl":"http:\/\/bicimarket.com\/blog\/wp-content\/uploads\/2016\/09\/home_mtb.jpg"},{"@type":"BreadcrumbList","@id":"https:\/\/www.bicimarket.com\/blog\/consigue-un-10-de-descuento-en-bicimarket-tw\/#breadcrumb","itemListElement":[{"@type":"ListItem","position":1,"name":"Portada","item":"https:\/\/www.bicimarket.com\/blog\/"},{"@type":"ListItem","position":2,"name":"Consigue un 10% de descuento en Bicimarket"}]},{"@type":"WebSite","@id":"https:\/\/www.bicimarket.com\/blog\/#website","url":"https:\/\/www.bicimarket.com\/blog\/","name":"El Blog de Bicimarket","description":"Nos apasiona el ciclismo \u00bfTe apuntas con nosotros?","potentialAction":[{"@type":"SearchAction","target":{"@type":"EntryPoint","urlTemplate":"https:\/\/www.bicimarket.com\/blog\/?s={search_term_string}"},"query-input":{"@type":"PropertyValueSpecification","valueRequired":true,"valueName":"search_term_string"}}],"inLanguage":"es"}]}},"_links":{"self":[{"href":"https:\/\/www.bicimarket.com\/blog\/wp-json\/wp\/v2\/pages\/3322","targetHints":{"allow":["GET"]}}],"collection":[{"href":"https:\/\/www.bicimarket.com\/blog\/wp-json\/wp\/v2\/pages"}],"about":[{"href":"https:\/\/www.bicimarket.com\/blog\/wp-json\/wp\/v2\/types\/page"}],"author":[{"embeddable":true,"href":"https:\/\/www.bicimarket.com\/blog\/wp-json\/wp\/v2\/users\/1"}],"replies":[{"embeddable":true,"href":"https:\/\/www.bicimarket.com\/blog\/wp-json\/wp\/v2\/comments?post=3322"}],"version-history":[{"count":37,"href":"https:\/\/www.bicimarket.com\/blog\/wp-json\/wp\/v2\/pages\/3322\/revisions"}],"predecessor-version":[{"id":3364,"href":"https:\/\/www.bicimarket.com\/blog\/wp-json\/wp\/v2\/pages\/3322\/revisions\/3364"}],"wp:attachment":[{"href":"https:\/\/www.bicimarket.com\/blog\/wp-json\/wp\/v2\/media?parent=3322"}],"curies":[{"name":"wp","href":"https:\/\/api.w.org\/{rel}","templated":true}]}}